{"id":2398,"date":"2026-01-06T10:56:31","date_gmt":"2026-01-06T09:56:31","guid":{"rendered":"https:\/\/hotel-brockenblick.de\/menu\/"},"modified":"2026-03-12T14:25:10","modified_gmt":"2026-03-12T13:25:10","slug":"food-map","status":"publish","type":"page","link":"https:\/\/hotel-brockenblick.de\/en\/food-map\/","title":{"rendered":"Food Map"},"content":{"rendered":"<p><div class=\"fusion-fullwidth fullwidth-box fusion-builder-row-1 fusion-flex-container has-pattern-background has-mask-background nonhundred-percent-fullwidth non-hundred-percent-height-scrolling\" style=\"--awb-background-position:left top;--awb-border-sizes-top:0px;--awb-border-sizes-bottom:0px;--awb-border-sizes-left:0px;--awb-border-sizes-right:0px;--awb-border-radius-top-left:0px;--awb-border-radius-top-right:0px;--awb-border-radius-bottom-right:0px;--awb-border-radius-bottom-left:0px;--awb-padding-top-medium:0px;--awb-padding-bottom-medium:100px;--awb-padding-top-small:0px;--awb-padding-bottom-small:80px;\" ><div class=\"fusion-builder-row fusion-row fusion-flex-align-items-flex-start\" style=\"max-width:calc( 1170px + 0px );margin-left: calc(-0px \/ 2 );margin-right: calc(-0px \/ 2 );\"><div class=\"fusion-layout-column fusion_builder_column fusion-builder-column-0 fusion_builder_column_1_6 1_6 fusion-flex-column fusion-flex-align-self-flex-start fusion-column-no-min-height\" style=\"--awb-bg-blend:overlay;--awb-bg-size:cover;--awb-width-large:16.666666666667%;--awb-margin-top-large:0px;--awb-spacing-right-large:calc( 0.12 * calc( 100% - 0px ) );--awb-margin-bottom-large:0px;--awb-spacing-left-large:0px;--awb-width-medium:100%;--awb-spacing-right-medium:0px;--awb-spacing-left-medium:0px;--awb-width-small:100%;--awb-spacing-right-small:0px;--awb-spacing-left-small:0px;\"><div class=\"fusion-column-wrapper fusion-flex-justify-content-flex-start fusion-content-layout-column\"><\/div><\/div><div class=\"fusion-layout-column fusion_builder_column fusion-builder-column-1 fusion_builder_column_2_3 2_3 fusion-flex-column fusion-flex-align-self-flex-start fusion-column-no-min-height\" style=\"--awb-bg-blend:overlay;--awb-bg-size:cover;--awb-width-large:66.666666666667%;--awb-margin-top-large:0px;--awb-spacing-right-large:calc( 0.03 * calc( 100% - 0px ) );--awb-margin-bottom-large:0px;--awb-spacing-left-large:calc( 0.03 * calc( 100% - 0px ) );--awb-width-medium:100%;--awb-spacing-right-medium:0px;--awb-spacing-left-medium:0px;--awb-width-small:100%;--awb-spacing-right-small:0px;--awb-spacing-left-small:0px;\"><div class=\"fusion-column-wrapper fusion-flex-justify-content-flex-start fusion-content-layout-column\"><div class=\"fusion-image-element \" style=\"--awb-caption-title-size:var(--h2_typography-font-size);--awb-caption-title-transform:var(--h2_typography-text-transform);--awb-caption-title-line-height:var(--h2_typography-line-height);--awb-caption-title-letter-spacing:var(--h2_typography-letter-spacing);\"><span class=\" fusion-imageframe imageframe-none imageframe-1 hover-type-none\"><img decoding=\"async\" width=\"800\" height=\"1135\" title=\"Speisen-drinnen-03-2026\" src=\"https:\/\/hotel-brockenblick.de\/wp-content\/uploads\/2026\/03\/Speisen-drinnen-03-2026.jpg\" data-orig-src=\"https:\/\/hotel-brockenblick.de\/wp-content\/uploads\/2026\/03\/Speisen-drinnen-03-2026-800x1135.jpg\" alt class=\"lazyload img-responsive wp-image-2596\" srcset=\"data:image\/svg+xml,%3Csvg%20xmlns%3D%27http%3A%2F%2Fwww.w3.org%2F2000%2Fsvg%27%20width%3D%271000%27%20height%3D%271419%27%20viewBox%3D%270%200%201000%201419%27%3E%3Crect%20width%3D%271000%27%20height%3D%271419%27%20fill-opacity%3D%220%22%2F%3E%3C%2Fsvg%3E\" data-srcset=\"https:\/\/hotel-brockenblick.de\/wp-content\/uploads\/2026\/03\/Speisen-drinnen-03-2026-200x284.jpg 200w, https:\/\/hotel-brockenblick.de\/wp-content\/uploads\/2026\/03\/Speisen-drinnen-03-2026-400x568.jpg 400w, https:\/\/hotel-brockenblick.de\/wp-content\/uploads\/2026\/03\/Speisen-drinnen-03-2026-600x851.jpg 600w, https:\/\/hotel-brockenblick.de\/wp-content\/uploads\/2026\/03\/Speisen-drinnen-03-2026-800x1135.jpg 800w, https:\/\/hotel-brockenblick.de\/wp-content\/uploads\/2026\/03\/Speisen-drinnen-03-2026.jpg 1000w\" data-sizes=\"auto\" data-orig-sizes=\"(max-width: 1024px) 100vw, (max-width: 640px) 100vw, 800px\" \/><\/span><\/div><div class=\"fusion-separator fusion-full-width-sep\" style=\"align-self: center;margin-left: auto;margin-right: auto;margin-top:30px;width:100%;\"><\/div><div class=\"fusion-text fusion-text-1\"><p>If you have questions about table reservations,<br \/>\nfood pick-up and pre-ordering<br \/>\nhave for takeaway sale, please contact us<br \/>\nby phone at\u00a0<strong>05121\/34585<\/strong>.<br \/>\nThank you!<\/p>\n<h3><em>Your team from the Brockenblick<\/em><\/h3>\n<\/div><\/div><\/div><div class=\"fusion-layout-column fusion_builder_column fusion-builder-column-2 fusion_builder_column_1_6 1_6 fusion-flex-column fusion-flex-align-self-flex-start fusion-column-no-min-height\" style=\"--awb-bg-blend:overlay;--awb-bg-size:cover;--awb-width-large:16.666666666667%;--awb-margin-top-large:0px;--awb-spacing-right-large:0px;--awb-margin-bottom-large:0px;--awb-spacing-left-large:calc( 0.12 * calc( 100% - 0px ) );--awb-width-medium:100%;--awb-spacing-right-medium:0px;--awb-spacing-left-medium:0px;--awb-width-small:100%;--awb-spacing-right-small:0px;--awb-spacing-left-small:0px;\"><div class=\"fusion-column-wrapper fusion-flex-justify-content-flex-start fusion-content-layout-column\"><\/div><\/div><\/div><\/div><div class=\"fusion-bg-parallax\" data-bg-align=\"left top\" data-direction=\"up\" data-mute=\"false\" data-opacity=\"100\" data-velocity=\"-0.3\" data-mobile-enabled=\"false\" data-break_parents=\"0\" data-bg-image=\"https:\/\/hotel-brockenblick.de\/wp-content\/uploads\/2015\/04\/Brockenblick-Hotel-Restaurant-Hildesheim-Hannover-Messe-Fairy-slide3.jpg\" data-bg-repeat=\"false\" ><\/div><div class=\"fusion-fullwidth fullwidth-box fusion-builder-row-2 fusion-flex-container has-pattern-background has-mask-background fusion-parallax-up nonhundred-percent-fullwidth non-hundred-percent-height-scrolling lazyload\" style=\"--awb-background-position:left top;--awb-border-sizes-top:0px;--awb-border-sizes-bottom:0px;--awb-border-sizes-left:0px;--awb-border-sizes-right:0px;--awb-border-radius-top-left:0px;--awb-border-radius-top-right:0px;--awb-border-radius-bottom-right:0px;--awb-border-radius-bottom-left:0px;--awb-padding-top:100px;--awb-padding-bottom:100px;--awb-padding-top-small:70px;--awb-padding-bottom-small:40px;--awb-background-size:cover;\" data-bg=\"https:\/\/hotel-brockenblick.de\/wp-content\/uploads\/2015\/04\/Brockenblick-Hotel-Restaurant-Hildesheim-Hannover-Messe-Fairy-slide3.jpg\" ><div class=\"fusion-builder-row fusion-row fusion-flex-align-items-flex-start\" style=\"max-width:1216.8px;margin-left: calc(-4% \/ 2 );margin-right: calc(-4% \/ 2 );\"><div class=\"fusion-layout-column fusion_builder_column fusion-builder-column-3 fusion_builder_column_1_6 1_6 fusion-flex-column fusion-no-small-visibility\" style=\"--awb-padding-top:10%;--awb-padding-right:10%;--awb-padding-bottom:10%;--awb-padding-left:10%;--awb-bg-blend:overlay;--awb-bg-size:cover;--awb-width-large:16.666666666667%;--awb-margin-top-large:0px;--awb-spacing-right-large:11.52%;--awb-margin-bottom-large:20px;--awb-spacing-left-large:11.52%;--awb-width-medium:16.666666666667%;--awb-spacing-right-medium:11.52%;--awb-spacing-left-medium:11.52%;--awb-width-small:100%;--awb-spacing-right-small:1.92%;--awb-spacing-left-small:1.92%;\"><div class=\"fusion-column-wrapper fusion-flex-justify-content-flex-start fusion-content-layout-column\"><\/div><\/div><div class=\"fusion-layout-column fusion_builder_column fusion-builder-column-4 fusion_builder_column_2_3 2_3 fusion-flex-column\" style=\"--awb-padding-top:5%;--awb-padding-right:5%;--awb-padding-bottom:5%;--awb-padding-left:5%;--awb-bg-color:hsla(var(--awb-color1-h),var(--awb-color1-s),var(--awb-color1-l),calc( var(--awb-color1-a) - 30% ));--awb-bg-size:cover;--awb-width-large:66.666666666667%;--awb-margin-top-large:0px;--awb-spacing-right-large:2.88%;--awb-margin-bottom-large:20px;--awb-spacing-left-large:2.88%;--awb-width-medium:66.666666666667%;--awb-spacing-right-medium:2.88%;--awb-spacing-left-medium:2.88%;--awb-width-small:100%;--awb-spacing-right-small:1.92%;--awb-spacing-left-small:1.92%;\"><div class=\"fusion-column-wrapper fusion-flex-justify-content-flex-start fusion-content-layout-column\"><div class=\"fusion-title title fusion-title-1 fusion-title-center fusion-title-text fusion-title-size-two\" style=\"--awb-margin-bottom:0px;--awb-margin-bottom-small:0px;--awb-font-size:var(--awb-typography2-font-size);\"><div class=\"title-sep-container title-sep-container-left\"><div class=\"title-sep sep- sep-solid\" style=\"border-color:var(--awb-color3);\"><\/div><\/div><span class=\"awb-title-spacer\"><\/span><h2 class=\"title-heading-center fusion-responsive-typography-calculated\" style=\"font-family:var(--awb-typography2-font-family);font-weight:var(--awb-typography2-font-weight);font-style:var(--awb-typography2-font-style);margin:0;font-size:1em;letter-spacing:var(--awb-typography2-letter-spacing);text-transform:var(--awb-typography2-text-transform);--fontSize:16;--minFontSize:16;line-height:var(--awb-typography2-line-height);\"><h3><strong>Fon +49 5121 34585<\/strong><\/h3><\/h2><span class=\"awb-title-spacer\"><\/span><div class=\"title-sep-container title-sep-container-right\"><div class=\"title-sep sep- sep-solid\" style=\"border-color:var(--awb-color3);\"><\/div><\/div><\/div><div class=\"fusion-title title fusion-title-2 fusion-title-center fusion-title-text fusion-title-size-three\" style=\"--awb-margin-bottom:15px;--awb-margin-bottom-small:15px;--awb-font-size:46px;\"><div class=\"title-sep-container title-sep-container-left\"><div class=\"title-sep sep- sep-solid\" style=\"border-color:var(--awb-color3);\"><\/div><\/div><span class=\"awb-title-spacer\"><\/span><h3 class=\"title-heading-center fusion-responsive-typography-calculated\" style=\"margin:0;font-size:1em;--fontSize:46;line-height:var(--awb-typography1-line-height);\">Feel free to book for your celebrations!<\/h3><span class=\"awb-title-spacer\"><\/span><div class=\"title-sep-container title-sep-container-right\"><div class=\"title-sep sep- sep-solid\" style=\"border-color:var(--awb-color3);\"><\/div><\/div><\/div><div class=\"fusion-separator\" style=\"align-self: center;margin-left: auto;margin-right: auto;margin-top:0px;margin-bottom:20px;width:100%;max-width:50px;\"><div class=\"fusion-separator-border sep-single sep-solid\" style=\"--awb-height:20px;--awb-amount:20px;--awb-sep-color:var(--awb-color4);border-color:var(--awb-color4);border-top-width:1px;\"><\/div><\/div><div class=\"fusion-separator fusion-full-width-sep\" style=\"align-self: center;margin-left: auto;margin-right: auto;margin-top:12px;width:100%;\"><\/div><div style=\"text-align:center;\"><a class=\"fusion-button button-flat fusion-button-default-size button-default fusion-button-default button-1 fusion-button-default-span \" style=\"--button-border-radius-top-left:0px;--button-border-radius-top-right:0px;--button-border-radius-bottom-right:0px;--button-border-radius-bottom-left:0px;\" target=\"_self\" href=\"mailto:hotel-brockenblick@t-online.de\"><span class=\"fusion-button-text\">REQUEST NOW!<\/span><\/a><\/div><\/div><\/div><div class=\"fusion-layout-column fusion_builder_column fusion-builder-column-5 fusion_builder_column_1_6 1_6 fusion-flex-column fusion-no-small-visibility\" style=\"--awb-padding-top:10%;--awb-padding-right:10%;--awb-padding-bottom:10%;--awb-padding-left:10%;--awb-bg-blend:overlay;--awb-bg-size:cover;--awb-width-large:16.666666666667%;--awb-margin-top-large:0px;--awb-spacing-right-large:11.52%;--awb-margin-bottom-large:20px;--awb-spacing-left-large:11.52%;--awb-width-medium:16.666666666667%;--awb-spacing-right-medium:11.52%;--awb-spacing-left-medium:11.52%;--awb-width-small:100%;--awb-spacing-right-small:1.92%;--awb-spacing-left-small:1.92%;\"><div class=\"fusion-column-wrapper fusion-flex-justify-content-flex-start fusion-content-layout-column\"><\/div><\/div><\/div><\/div><\/p>\n","protected":false},"excerpt":{"rendered":"","protected":false},"author":1,"featured_media":0,"parent":0,"menu_order":0,"comment_status":"open","ping_status":"open","template":"100-width.php","meta":{"footnotes":""},"class_list":["post-2398","page","type-page","status-publish","hentry"],"yoast_head":"<!-- This site is optimized with the Yoast SEO plugin v27.3 - https:\/\/yoast.com\/product\/yoast-seo-wordpress\/ -->\n<title>Food Map - Hotel &amp; Restaurant Brockenblick Hildesheim<\/title>\n<meta name=\"robots\" content=\"index, follow, max-snippet:-1, max-image-preview:large, max-video-preview:-1\" \/>\n<link rel=\"canonical\" href=\"https:\/\/hotel-brockenblick.de\/en\/food-map\/\" \/>\n<meta property=\"og:locale\" content=\"en_US\" \/>\n<meta property=\"og:type\" content=\"article\" \/>\n<meta property=\"og:title\" content=\"Food Map - Hotel &amp; Restaurant Brockenblick Hildesheim\" \/>\n<meta property=\"og:url\" content=\"https:\/\/hotel-brockenblick.de\/en\/food-map\/\" \/>\n<meta property=\"og:site_name\" content=\"Hotel &amp; Restaurant Brockenblick Hildesheim\" \/>\n<meta property=\"article:publisher\" content=\"https:\/\/www.facebook.com\/BrockenblickHildesheim\" \/>\n<meta property=\"article:modified_time\" content=\"2026-03-12T13:25:10+00:00\" \/>\n<meta name=\"twitter:card\" content=\"summary_large_image\" \/>\n<meta name=\"twitter:label1\" content=\"Est. reading time\" \/>\n\t<meta name=\"twitter:data1\" content=\"5 minutes\" \/>\n<script type=\"application\/ld+json\" class=\"yoast-schema-graph\">{\"@context\":\"https:\\\/\\\/schema.org\",\"@graph\":[{\"@type\":\"WebPage\",\"@id\":\"https:\\\/\\\/hotel-brockenblick.de\\\/en\\\/food-map\\\/\",\"url\":\"https:\\\/\\\/hotel-brockenblick.de\\\/en\\\/food-map\\\/\",\"name\":\"Food Map - Hotel & Restaurant Brockenblick Hildesheim\",\"isPartOf\":{\"@id\":\"https:\\\/\\\/hotel-brockenblick.de\\\/en\\\/#website\"},\"datePublished\":\"2026-01-06T09:56:31+00:00\",\"dateModified\":\"2026-03-12T13:25:10+00:00\",\"breadcrumb\":{\"@id\":\"https:\\\/\\\/hotel-brockenblick.de\\\/en\\\/food-map\\\/#breadcrumb\"},\"inLanguage\":\"en-US\",\"potentialAction\":[{\"@type\":\"ReadAction\",\"target\":[\"https:\\\/\\\/hotel-brockenblick.de\\\/en\\\/food-map\\\/\"]}]},{\"@type\":\"BreadcrumbList\",\"@id\":\"https:\\\/\\\/hotel-brockenblick.de\\\/en\\\/food-map\\\/#breadcrumb\",\"itemListElement\":[{\"@type\":\"ListItem\",\"position\":1,\"name\":\"Startseite\",\"item\":\"https:\\\/\\\/hotel-brockenblick.de\\\/en\\\/hotel-restaurant-brockenblick-hildesheim\\\/\"},{\"@type\":\"ListItem\",\"position\":2,\"name\":\"Food Map\"}]},{\"@type\":\"WebSite\",\"@id\":\"https:\\\/\\\/hotel-brockenblick.de\\\/en\\\/#website\",\"url\":\"https:\\\/\\\/hotel-brockenblick.de\\\/en\\\/\",\"name\":\"Hotel & Restaurant Brockenblick Hildesheim\",\"description\":\"Das famili\u00e4r gef\u00fchrte 3-Sterne Berghotel Brockenblick liegt inmitten des Waldst\u00fccks Galgenberg, lediglich 10 Autominuten von der Hildesheimer-Innenstadt entfernt.\",\"publisher\":{\"@id\":\"https:\\\/\\\/hotel-brockenblick.de\\\/en\\\/#organization\"},\"potentialAction\":[{\"@type\":\"SearchAction\",\"target\":{\"@type\":\"EntryPoint\",\"urlTemplate\":\"https:\\\/\\\/hotel-brockenblick.de\\\/en\\\/?s={search_term_string}\"},\"query-input\":{\"@type\":\"PropertyValueSpecification\",\"valueRequired\":true,\"valueName\":\"search_term_string\"}}],\"inLanguage\":\"en-US\"},{\"@type\":\"Organization\",\"@id\":\"https:\\\/\\\/hotel-brockenblick.de\\\/en\\\/#organization\",\"name\":\"Hotel & Restaurant Brockenblick Hildesheim\",\"url\":\"https:\\\/\\\/hotel-brockenblick.de\\\/en\\\/\",\"logo\":{\"@type\":\"ImageObject\",\"inLanguage\":\"en-US\",\"@id\":\"https:\\\/\\\/hotel-brockenblick.de\\\/en\\\/#\\\/schema\\\/logo\\\/image\\\/\",\"url\":\"https:\\\/\\\/hotel-brockenblick.de\\\/wp-content\\\/uploads\\\/2023\\\/03\\\/Brockenblick-Hotel-Restaurant-Hildesheim-Hannover-Messe-Fairy-logo-bottom.jpg\",\"contentUrl\":\"https:\\\/\\\/hotel-brockenblick.de\\\/wp-content\\\/uploads\\\/2023\\\/03\\\/Brockenblick-Hotel-Restaurant-Hildesheim-Hannover-Messe-Fairy-logo-bottom.jpg\",\"width\":295,\"height\":295,\"caption\":\"Hotel & Restaurant Brockenblick Hildesheim\"},\"image\":{\"@id\":\"https:\\\/\\\/hotel-brockenblick.de\\\/en\\\/#\\\/schema\\\/logo\\\/image\\\/\"},\"sameAs\":[\"https:\\\/\\\/www.facebook.com\\\/BrockenblickHildesheim\"]}]}<\/script>\n<!-- \/ Yoast SEO plugin. -->","yoast_head_json":{"title":"Food Map - Hotel & Restaurant Brockenblick Hildesheim","robots":{"index":"index","follow":"follow","max-snippet":"max-snippet:-1","max-image-preview":"max-image-preview:large","max-video-preview":"max-video-preview:-1"},"canonical":"https:\/\/hotel-brockenblick.de\/en\/food-map\/","og_locale":"en_US","og_type":"article","og_title":"Food Map - Hotel & Restaurant Brockenblick Hildesheim","og_url":"https:\/\/hotel-brockenblick.de\/en\/food-map\/","og_site_name":"Hotel & Restaurant Brockenblick Hildesheim","article_publisher":"https:\/\/www.facebook.com\/BrockenblickHildesheim","article_modified_time":"2026-03-12T13:25:10+00:00","twitter_card":"summary_large_image","twitter_misc":{"Est. reading time":"5 minutes"},"schema":{"@context":"https:\/\/schema.org","@graph":[{"@type":"WebPage","@id":"https:\/\/hotel-brockenblick.de\/en\/food-map\/","url":"https:\/\/hotel-brockenblick.de\/en\/food-map\/","name":"Food Map - Hotel & Restaurant Brockenblick Hildesheim","isPartOf":{"@id":"https:\/\/hotel-brockenblick.de\/en\/#website"},"datePublished":"2026-01-06T09:56:31+00:00","dateModified":"2026-03-12T13:25:10+00:00","breadcrumb":{"@id":"https:\/\/hotel-brockenblick.de\/en\/food-map\/#breadcrumb"},"inLanguage":"en-US","potentialAction":[{"@type":"ReadAction","target":["https:\/\/hotel-brockenblick.de\/en\/food-map\/"]}]},{"@type":"BreadcrumbList","@id":"https:\/\/hotel-brockenblick.de\/en\/food-map\/#breadcrumb","itemListElement":[{"@type":"ListItem","position":1,"name":"Startseite","item":"https:\/\/hotel-brockenblick.de\/en\/hotel-restaurant-brockenblick-hildesheim\/"},{"@type":"ListItem","position":2,"name":"Food Map"}]},{"@type":"WebSite","@id":"https:\/\/hotel-brockenblick.de\/en\/#website","url":"https:\/\/hotel-brockenblick.de\/en\/","name":"Hotel & Restaurant Brockenblick Hildesheim","description":"Das famili\u00e4r gef\u00fchrte 3-Sterne Berghotel Brockenblick liegt inmitten des Waldst\u00fccks Galgenberg, lediglich 10 Autominuten von der Hildesheimer-Innenstadt entfernt.","publisher":{"@id":"https:\/\/hotel-brockenblick.de\/en\/#organization"},"potentialAction":[{"@type":"SearchAction","target":{"@type":"EntryPoint","urlTemplate":"https:\/\/hotel-brockenblick.de\/en\/?s={search_term_string}"},"query-input":{"@type":"PropertyValueSpecification","valueRequired":true,"valueName":"search_term_string"}}],"inLanguage":"en-US"},{"@type":"Organization","@id":"https:\/\/hotel-brockenblick.de\/en\/#organization","name":"Hotel & Restaurant Brockenblick Hildesheim","url":"https:\/\/hotel-brockenblick.de\/en\/","logo":{"@type":"ImageObject","inLanguage":"en-US","@id":"https:\/\/hotel-brockenblick.de\/en\/#\/schema\/logo\/image\/","url":"https:\/\/hotel-brockenblick.de\/wp-content\/uploads\/2023\/03\/Brockenblick-Hotel-Restaurant-Hildesheim-Hannover-Messe-Fairy-logo-bottom.jpg","contentUrl":"https:\/\/hotel-brockenblick.de\/wp-content\/uploads\/2023\/03\/Brockenblick-Hotel-Restaurant-Hildesheim-Hannover-Messe-Fairy-logo-bottom.jpg","width":295,"height":295,"caption":"Hotel & Restaurant Brockenblick Hildesheim"},"image":{"@id":"https:\/\/hotel-brockenblick.de\/en\/#\/schema\/logo\/image\/"},"sameAs":["https:\/\/www.facebook.com\/BrockenblickHildesheim"]}]}},"_links":{"self":[{"href":"https:\/\/hotel-brockenblick.de\/en\/wp-json\/wp\/v2\/pages\/2398","targetHints":{"allow":["GET"]}}],"collection":[{"href":"https:\/\/hotel-brockenblick.de\/en\/wp-json\/wp\/v2\/pages"}],"about":[{"href":"https:\/\/hotel-brockenblick.de\/en\/wp-json\/wp\/v2\/types\/page"}],"author":[{"embeddable":true,"href":"https:\/\/hotel-brockenblick.de\/en\/wp-json\/wp\/v2\/users\/1"}],"replies":[{"embeddable":true,"href":"https:\/\/hotel-brockenblick.de\/en\/wp-json\/wp\/v2\/comments?post=2398"}],"version-history":[{"count":24,"href":"https:\/\/hotel-brockenblick.de\/en\/wp-json\/wp\/v2\/pages\/2398\/revisions"}],"predecessor-version":[{"id":2599,"href":"https:\/\/hotel-brockenblick.de\/en\/wp-json\/wp\/v2\/pages\/2398\/revisions\/2599"}],"wp:attachment":[{"href":"https:\/\/hotel-brockenblick.de\/en\/wp-json\/wp\/v2\/media?parent=2398"}],"curies":[{"name":"wp","href":"https:\/\/api.w.org\/{rel}","templated":true}]}}