{"id":2392,"date":"2023-03-20T12:43:08","date_gmt":"2023-03-20T11:43:08","guid":{"rendered":"https:\/\/hotel-brockenblick.de\/directions\/"},"modified":"2023-03-20T21:18:44","modified_gmt":"2023-03-20T20:18:44","slug":"location","status":"publish","type":"page","link":"https:\/\/hotel-brockenblick.de\/en\/location\/","title":{"rendered":"Location &#038; Contact"},"content":{"rendered":"<div class=\"fusion-fullwidth fullwidth-box fusion-builder-row-1 fusion-flex-container nonhundred-percent-fullwidth non-hundred-percent-height-scrolling\" style=\"--awb-background-position:left top;--awb-border-sizes-top:0px;--awb-border-sizes-bottom:0px;--awb-border-sizes-left:0px;--awb-border-sizes-right:0px;--awb-border-radius-top-left:0px;--awb-border-radius-top-right:0px;--awb-border-radius-bottom-right:0px;--awb-border-radius-bottom-left:0px;--awb-padding-top:0px;--awb-padding-bottom:75px;--awb-padding-bottom-medium:40px;\" ><div class=\"fusion-builder-row fusion-row fusion-flex-align-items-stretch\" style=\"max-width:1216.8px;margin-left: calc(-4% \/ 2 );margin-right: calc(-4% \/ 2 );\"><div class=\"fusion-layout-column fusion_builder_column fusion-builder-column-0 fusion_builder_column_1_2 1_2 fusion-flex-column\" style=\"--awb-bg-blend:overlay;--awb-bg-size:cover;--awb-width-large:50%;--awb-margin-top-large:0px;--awb-spacing-right-large:3.84%;--awb-margin-bottom-large:20px;--awb-spacing-left-large:3.84%;--awb-width-medium:100%;--awb-spacing-right-medium:1.92%;--awb-spacing-left-medium:1.92%;--awb-width-small:100%;--awb-spacing-right-small:1.92%;--awb-spacing-left-small:1.92%;\"><div class=\"fusion-column-wrapper fusion-flex-justify-content-center fusion-content-layout-column\"><div class=\"fusion-title title fusion-title-1 fusion-title-text fusion-title-size-two\" style=\"--awb-margin-bottom:0px;--awb-margin-bottom-small:0px;--awb-margin-bottom-medium:0px;--awb-font-size:var(--awb-typography2-font-size);\"><div class=\"title-sep-container title-sep-container-left fusion-no-large-visibility fusion-no-medium-visibility fusion-no-small-visibility\"><div class=\"title-sep sep- sep-solid\" style=\"border-color:var(--awb-color3);\"><\/div><\/div><span class=\"awb-title-spacer fusion-no-large-visibility fusion-no-medium-visibility fusion-no-small-visibility\"><\/span><h2 class=\"title-heading-left fusion-responsive-typography-calculated\" style=\"font-family:var(--awb-typography2-font-family);font-weight:var(--awb-typography2-font-weight);font-style:var(--awb-typography2-font-style);margin:0;font-size:1em;letter-spacing:var(--awb-typography2-letter-spacing);text-transform:var(--awb-typography2-text-transform);--fontSize:16;--minFontSize:16;line-height:var(--awb-typography2-line-height);\">We warmly welcome you!<\/h2><span class=\"awb-title-spacer\"><\/span><div class=\"title-sep-container title-sep-container-right\"><div class=\"title-sep sep- sep-solid\" style=\"border-color:var(--awb-color3);\"><\/div><\/div><\/div><div class=\"fusion-title title fusion-title-2 fusion-title-text fusion-title-size-three\" style=\"--awb-margin-bottom-small:15px;--awb-font-size:46px;\"><div class=\"title-sep-container title-sep-container-left fusion-no-large-visibility fusion-no-medium-visibility fusion-no-small-visibility\"><div class=\"title-sep sep- sep-solid\" style=\"border-color:var(--awb-color3);\"><\/div><\/div><span class=\"awb-title-spacer fusion-no-large-visibility fusion-no-medium-visibility fusion-no-small-visibility\"><\/span><h3 class=\"title-heading-left fusion-responsive-typography-calculated\" style=\"margin:0;font-size:1em;--fontSize:46;line-height:var(--awb-typography1-line-height);\">Brockenblick<\/h3><span class=\"awb-title-spacer\"><\/span><div class=\"title-sep-container title-sep-container-right\"><div class=\"title-sep sep- sep-solid\" style=\"border-color:var(--awb-color3);\"><\/div><\/div><\/div><div class=\"fusion-separator\" style=\"align-self: flex-start;margin-right:auto;margin-top:0px;margin-bottom:20px;width:100%;max-width:50px;\"><div class=\"fusion-separator-border sep-single sep-solid\" style=\"--awb-height:20px;--awb-amount:20px;--awb-sep-color:var(--awb-color4);border-color:var(--awb-color4);border-top-width:1px;\"><\/div><\/div><div class=\"fusion-text fusion-text-1\"><h2><span style=\"color: #000000;\">Mountain Hotel &amp; Restaurant<\/span><\/h2>\n<p><span style=\"color: #000000;\">Owner W. &amp; W. Brecht<\/span><br \/>\n<span style=\"color: #000000;\">Am Brockenblick 1<\/span><br \/>\n<span style=\"color: #000000;\">D &#8211; 31141 Hildesheim<\/span><\/p>\n<p><span style=\"color: #000000;\"><strong>Tel. +49 5121 34585<\/strong><\/span><br \/>\n<span style=\"color: #000000;\"><strong>Fax. +49 5121 34756<\/strong><\/span><\/p>\n<p><span style=\"color: #000000;\">Email: <span id=\"cloak8d5f4d9ed03d4290b843dd4de77fea05\"><br \/>\n<a style=\"color: #000000;\" href=\"mailto:hotel-brockenblick@t-online.de\">hotel-brockenblick@t-online.de<\/a><br \/>\n<\/span><\/span><\/p>\n<p><span style=\"color: #000000;\"><em>The mountain hotel Brockenblick&#8230;<\/em><\/span><br \/>\n<span style=\"color: #000000;\">&#8230; is located near the A7 freeway and can be reached via the Hildesheim exit and the B6:<\/span><br \/>\n<span style=\"color: #000000;\">The map shows you the way of about 8 minutes by car from the highway exit to the mountain hotel Brockenblick.<\/span><\/p>\n<\/div><\/div><\/div><div class=\"fusion-layout-column fusion_builder_column fusion-builder-column-1 fusion_builder_column_1_2 1_2 fusion-flex-column fusion-no-small-visibility\" style=\"--awb-padding-top:40px;--awb-padding-right:40px;--awb-padding-bottom:40px;--awb-padding-left:40px;--awb-bg-color:var(--awb-color1);--awb-bg-size:cover;--awb-border-color:#3f6447;--awb-border-top:1px;--awb-border-right:1px;--awb-border-bottom:1px;--awb-border-left:1px;--awb-border-style:solid;--awb-width-large:50%;--awb-margin-top-large:0px;--awb-spacing-right-large:3.84%;--awb-margin-bottom-large:20px;--awb-spacing-left-large:3.84%;--awb-width-medium:100%;--awb-order-medium:0;--awb-spacing-right-medium:1.92%;--awb-spacing-left-medium:1.92%;--awb-width-small:100%;--awb-order-small:0;--awb-spacing-right-small:1.92%;--awb-spacing-left-small:1.92%;\"><div class=\"fusion-column-wrapper fusion-column-has-shadow fusion-flex-justify-content-flex-start fusion-content-layout-column\"><div class=\"fusion-text fusion-text-2\"><p><iframe style=\"border: 0;\" src=\"https:\/\/www.google.com\/maps\/embed?pb=!1m18!1m12!1m3!1d2448.9258678988463!2d9.993061316479599!3d52.13566997974321!2m3!1f0!2f0!3f0!3m2!1i1024!2i768!4f13.1!3m3!1m2!1s0x47baae6e65f69f89%3A0x77157adf973aba6e!2sBerghotel+Brockenblick!5e0!3m2!1sde!2sus!4v1541412223994\" width=\"480\" height=\"480\" frameborder=\"0\" allowfullscreen=\"allowfullscreen\"><\/iframe><\/p>\n<\/div><\/div><\/div><div class=\"fusion-layout-column fusion_builder_column fusion-builder-column-2 fusion_builder_column_1_2 1_2 fusion-flex-column fusion-flex-align-self-center fusion-no-medium-visibility fusion-no-large-visibility\" style=\"--awb-bg-color:var(--awb-color1);--awb-bg-size:cover;--awb-width-large:50%;--awb-margin-top-large:0px;--awb-spacing-right-large:3.84%;--awb-margin-bottom-large:20px;--awb-spacing-left-large:3.84%;--awb-width-medium:100%;--awb-order-medium:0;--awb-spacing-right-medium:1.92%;--awb-spacing-left-medium:1.92%;--awb-width-small:100%;--awb-order-small:0;--awb-spacing-right-small:1.92%;--awb-spacing-left-small:1.92%;\"><div class=\"fusion-column-wrapper fusion-column-has-shadow fusion-flex-justify-content-flex-start fusion-content-layout-column\"><div class=\"fusion-text fusion-text-3\"><\/div><\/div><\/div><\/div><\/div>\n","protected":false},"excerpt":{"rendered":"","protected":false},"author":1,"featured_media":0,"parent":0,"menu_order":0,"comment_status":"open","ping_status":"closed","template":"100-width.php","meta":{"footnotes":""},"class_list":["post-2392","page","type-page","status-publish","hentry"],"yoast_head":"<!-- This site is optimized with the Yoast SEO plugin v27.3 - https:\/\/yoast.com\/product\/yoast-seo-wordpress\/ -->\n<title>Location &amp; Contact - Hotel &amp; Restaurant Brockenblick Hildesheim<\/title>\n<meta name=\"robots\" content=\"index, follow, max-snippet:-1, max-image-preview:large, max-video-preview:-1\" \/>\n<link rel=\"canonical\" href=\"https:\/\/hotel-brockenblick.de\/en\/location\/\" \/>\n<meta property=\"og:locale\" content=\"en_US\" \/>\n<meta property=\"og:type\" content=\"article\" \/>\n<meta property=\"og:title\" content=\"Location &amp; Contact - Hotel &amp; Restaurant Brockenblick Hildesheim\" \/>\n<meta property=\"og:url\" content=\"https:\/\/hotel-brockenblick.de\/en\/location\/\" \/>\n<meta property=\"og:site_name\" content=\"Hotel &amp; Restaurant Brockenblick Hildesheim\" \/>\n<meta property=\"article:publisher\" content=\"https:\/\/www.facebook.com\/BrockenblickHildesheim\" \/>\n<meta property=\"article:modified_time\" content=\"2023-03-20T20:18:44+00:00\" \/>\n<meta name=\"twitter:card\" content=\"summary_large_image\" \/>\n<meta name=\"twitter:label1\" content=\"Est. reading time\" \/>\n\t<meta name=\"twitter:data1\" content=\"9 minutes\" \/>\n<script type=\"application\/ld+json\" class=\"yoast-schema-graph\">{\"@context\":\"https:\\\/\\\/schema.org\",\"@graph\":[{\"@type\":\"WebPage\",\"@id\":\"https:\\\/\\\/hotel-brockenblick.de\\\/en\\\/location\\\/\",\"url\":\"https:\\\/\\\/hotel-brockenblick.de\\\/en\\\/location\\\/\",\"name\":\"Location & Contact - Hotel & Restaurant Brockenblick Hildesheim\",\"isPartOf\":{\"@id\":\"https:\\\/\\\/hotel-brockenblick.de\\\/en\\\/#website\"},\"datePublished\":\"2023-03-20T11:43:08+00:00\",\"dateModified\":\"2023-03-20T20:18:44+00:00\",\"breadcrumb\":{\"@id\":\"https:\\\/\\\/hotel-brockenblick.de\\\/en\\\/location\\\/#breadcrumb\"},\"inLanguage\":\"en-US\",\"potentialAction\":[{\"@type\":\"ReadAction\",\"target\":[\"https:\\\/\\\/hotel-brockenblick.de\\\/en\\\/location\\\/\"]}]},{\"@type\":\"BreadcrumbList\",\"@id\":\"https:\\\/\\\/hotel-brockenblick.de\\\/en\\\/location\\\/#breadcrumb\",\"itemListElement\":[{\"@type\":\"ListItem\",\"position\":1,\"name\":\"Startseite\",\"item\":\"https:\\\/\\\/hotel-brockenblick.de\\\/en\\\/hotel-restaurant-brockenblick-hildesheim\\\/\"},{\"@type\":\"ListItem\",\"position\":2,\"name\":\"Location &#038; Contact\"}]},{\"@type\":\"WebSite\",\"@id\":\"https:\\\/\\\/hotel-brockenblick.de\\\/en\\\/#website\",\"url\":\"https:\\\/\\\/hotel-brockenblick.de\\\/en\\\/\",\"name\":\"Hotel & Restaurant Brockenblick Hildesheim\",\"description\":\"Das famili\u00e4r gef\u00fchrte 3-Sterne Berghotel Brockenblick liegt inmitten des Waldst\u00fccks Galgenberg, lediglich 10 Autominuten von der Hildesheimer-Innenstadt entfernt.\",\"publisher\":{\"@id\":\"https:\\\/\\\/hotel-brockenblick.de\\\/en\\\/#organization\"},\"potentialAction\":[{\"@type\":\"SearchAction\",\"target\":{\"@type\":\"EntryPoint\",\"urlTemplate\":\"https:\\\/\\\/hotel-brockenblick.de\\\/en\\\/?s={search_term_string}\"},\"query-input\":{\"@type\":\"PropertyValueSpecification\",\"valueRequired\":true,\"valueName\":\"search_term_string\"}}],\"inLanguage\":\"en-US\"},{\"@type\":\"Organization\",\"@id\":\"https:\\\/\\\/hotel-brockenblick.de\\\/en\\\/#organization\",\"name\":\"Hotel & Restaurant Brockenblick Hildesheim\",\"url\":\"https:\\\/\\\/hotel-brockenblick.de\\\/en\\\/\",\"logo\":{\"@type\":\"ImageObject\",\"inLanguage\":\"en-US\",\"@id\":\"https:\\\/\\\/hotel-brockenblick.de\\\/en\\\/#\\\/schema\\\/logo\\\/image\\\/\",\"url\":\"https:\\\/\\\/hotel-brockenblick.de\\\/wp-content\\\/uploads\\\/2023\\\/03\\\/Brockenblick-Hotel-Restaurant-Hildesheim-Hannover-Messe-Fairy-logo-bottom.jpg\",\"contentUrl\":\"https:\\\/\\\/hotel-brockenblick.de\\\/wp-content\\\/uploads\\\/2023\\\/03\\\/Brockenblick-Hotel-Restaurant-Hildesheim-Hannover-Messe-Fairy-logo-bottom.jpg\",\"width\":295,\"height\":295,\"caption\":\"Hotel & Restaurant Brockenblick Hildesheim\"},\"image\":{\"@id\":\"https:\\\/\\\/hotel-brockenblick.de\\\/en\\\/#\\\/schema\\\/logo\\\/image\\\/\"},\"sameAs\":[\"https:\\\/\\\/www.facebook.com\\\/BrockenblickHildesheim\"]}]}<\/script>\n<!-- \/ Yoast SEO plugin. -->","yoast_head_json":{"title":"Location & Contact - Hotel & Restaurant Brockenblick Hildesheim","robots":{"index":"index","follow":"follow","max-snippet":"max-snippet:-1","max-image-preview":"max-image-preview:large","max-video-preview":"max-video-preview:-1"},"canonical":"https:\/\/hotel-brockenblick.de\/en\/location\/","og_locale":"en_US","og_type":"article","og_title":"Location & Contact - Hotel & Restaurant Brockenblick Hildesheim","og_url":"https:\/\/hotel-brockenblick.de\/en\/location\/","og_site_name":"Hotel & Restaurant Brockenblick Hildesheim","article_publisher":"https:\/\/www.facebook.com\/BrockenblickHildesheim","article_modified_time":"2023-03-20T20:18:44+00:00","twitter_card":"summary_large_image","twitter_misc":{"Est. reading time":"9 minutes"},"schema":{"@context":"https:\/\/schema.org","@graph":[{"@type":"WebPage","@id":"https:\/\/hotel-brockenblick.de\/en\/location\/","url":"https:\/\/hotel-brockenblick.de\/en\/location\/","name":"Location & Contact - Hotel & Restaurant Brockenblick Hildesheim","isPartOf":{"@id":"https:\/\/hotel-brockenblick.de\/en\/#website"},"datePublished":"2023-03-20T11:43:08+00:00","dateModified":"2023-03-20T20:18:44+00:00","breadcrumb":{"@id":"https:\/\/hotel-brockenblick.de\/en\/location\/#breadcrumb"},"inLanguage":"en-US","potentialAction":[{"@type":"ReadAction","target":["https:\/\/hotel-brockenblick.de\/en\/location\/"]}]},{"@type":"BreadcrumbList","@id":"https:\/\/hotel-brockenblick.de\/en\/location\/#breadcrumb","itemListElement":[{"@type":"ListItem","position":1,"name":"Startseite","item":"https:\/\/hotel-brockenblick.de\/en\/hotel-restaurant-brockenblick-hildesheim\/"},{"@type":"ListItem","position":2,"name":"Location &#038; Contact"}]},{"@type":"WebSite","@id":"https:\/\/hotel-brockenblick.de\/en\/#website","url":"https:\/\/hotel-brockenblick.de\/en\/","name":"Hotel & Restaurant Brockenblick Hildesheim","description":"Das famili\u00e4r gef\u00fchrte 3-Sterne Berghotel Brockenblick liegt inmitten des Waldst\u00fccks Galgenberg, lediglich 10 Autominuten von der Hildesheimer-Innenstadt entfernt.","publisher":{"@id":"https:\/\/hotel-brockenblick.de\/en\/#organization"},"potentialAction":[{"@type":"SearchAction","target":{"@type":"EntryPoint","urlTemplate":"https:\/\/hotel-brockenblick.de\/en\/?s={search_term_string}"},"query-input":{"@type":"PropertyValueSpecification","valueRequired":true,"valueName":"search_term_string"}}],"inLanguage":"en-US"},{"@type":"Organization","@id":"https:\/\/hotel-brockenblick.de\/en\/#organization","name":"Hotel & Restaurant Brockenblick Hildesheim","url":"https:\/\/hotel-brockenblick.de\/en\/","logo":{"@type":"ImageObject","inLanguage":"en-US","@id":"https:\/\/hotel-brockenblick.de\/en\/#\/schema\/logo\/image\/","url":"https:\/\/hotel-brockenblick.de\/wp-content\/uploads\/2023\/03\/Brockenblick-Hotel-Restaurant-Hildesheim-Hannover-Messe-Fairy-logo-bottom.jpg","contentUrl":"https:\/\/hotel-brockenblick.de\/wp-content\/uploads\/2023\/03\/Brockenblick-Hotel-Restaurant-Hildesheim-Hannover-Messe-Fairy-logo-bottom.jpg","width":295,"height":295,"caption":"Hotel & Restaurant Brockenblick Hildesheim"},"image":{"@id":"https:\/\/hotel-brockenblick.de\/en\/#\/schema\/logo\/image\/"},"sameAs":["https:\/\/www.facebook.com\/BrockenblickHildesheim"]}]}},"_links":{"self":[{"href":"https:\/\/hotel-brockenblick.de\/en\/wp-json\/wp\/v2\/pages\/2392","targetHints":{"allow":["GET"]}}],"collection":[{"href":"https:\/\/hotel-brockenblick.de\/en\/wp-json\/wp\/v2\/pages"}],"about":[{"href":"https:\/\/hotel-brockenblick.de\/en\/wp-json\/wp\/v2\/types\/page"}],"author":[{"embeddable":true,"href":"https:\/\/hotel-brockenblick.de\/en\/wp-json\/wp\/v2\/users\/1"}],"replies":[{"embeddable":true,"href":"https:\/\/hotel-brockenblick.de\/en\/wp-json\/wp\/v2\/comments?post=2392"}],"version-history":[{"count":8,"href":"https:\/\/hotel-brockenblick.de\/en\/wp-json\/wp\/v2\/pages\/2392\/revisions"}],"predecessor-version":[{"id":2500,"href":"https:\/\/hotel-brockenblick.de\/en\/wp-json\/wp\/v2\/pages\/2392\/revisions\/2500"}],"wp:attachment":[{"href":"https:\/\/hotel-brockenblick.de\/en\/wp-json\/wp\/v2\/media?parent=2392"}],"curies":[{"name":"wp","href":"https:\/\/api.w.org\/{rel}","templated":true}]}}