{"id":2379,"date":"2026-01-06T10:05:10","date_gmt":"2026-01-06T09:05:10","guid":{"rendered":"https:\/\/hotel-brockenblick.de\/prices-rooms\/"},"modified":"2026-01-06T16:38:14","modified_gmt":"2026-01-06T15:38:14","slug":"hotel-hildesheim-eng","status":"publish","type":"page","link":"https:\/\/hotel-brockenblick.de\/en\/hotel-hildesheim-eng\/","title":{"rendered":"Hotel"},"content":{"rendered":"<div class=\"fusion-fullwidth fullwidth-box fusion-builder-row-1 fusion-flex-container nonhundred-percent-fullwidth non-hundred-percent-height-scrolling\" style=\"--awb-background-position:left top;--awb-border-sizes-top:0px;--awb-border-sizes-bottom:0px;--awb-border-sizes-left:0px;--awb-border-sizes-right:0px;--awb-border-radius-top-left:0px;--awb-border-radius-top-right:0px;--awb-border-radius-bottom-right:0px;--awb-border-radius-bottom-left:0px;--awb-padding-top:0px;--awb-padding-bottom:70px;--awb-padding-bottom-medium:40px;--awb-padding-bottom-small:40px;\" ><div class=\"fusion-builder-row fusion-row fusion-flex-align-items-stretch\" style=\"max-width:1216.8px;margin-left: calc(-4% \/ 2 );margin-right: calc(-4% \/ 2 );\"><div class=\"fusion-layout-column fusion_builder_column fusion-builder-column-0 fusion_builder_column_1_2 1_2 fusion-flex-column\" style=\"--awb-bg-position:right bottom;--awb-bg-blend:overlay;--awb-bg-size:cover;--awb-width-large:50%;--awb-margin-top-large:0px;--awb-spacing-right-large:2.56%;--awb-margin-bottom-large:20px;--awb-spacing-left-large:3.84%;--awb-width-medium:100%;--awb-spacing-right-medium:1.28%;--awb-spacing-left-medium:1.92%;--awb-width-small:100%;--awb-spacing-right-small:1.92%;--awb-margin-bottom-small:30p40px;--awb-spacing-left-small:1.92%;\"><div class=\"fusion-column-wrapper fusion-flex-justify-content-flex-start fusion-content-layout-column\"><div class=\"fusion-title title fusion-title-1 fusion-title-text fusion-title-size-two\" style=\"--awb-margin-bottom:0px;--awb-margin-bottom-small:0px;--awb-margin-bottom-medium:0px;--awb-font-size:var(--awb-typography2-font-size);\"><div class=\"title-sep-container title-sep-container-left fusion-no-large-visibility fusion-no-medium-visibility fusion-no-small-visibility\"><div class=\"title-sep sep- sep-solid\" style=\"border-color:var(--awb-color3);\"><\/div><\/div><span class=\"awb-title-spacer fusion-no-large-visibility fusion-no-medium-visibility fusion-no-small-visibility\"><\/span><h2 class=\"title-heading-left fusion-responsive-typography-calculated\" style=\"font-family:var(--awb-typography2-font-family);font-weight:var(--awb-typography2-font-weight);font-style:var(--awb-typography2-font-style);margin:0;font-size:1em;letter-spacing:var(--awb-typography2-letter-spacing);text-transform:var(--awb-typography2-text-transform);--fontSize:16;--minFontSize:16;line-height:var(--awb-typography2-line-height);\">HOTEL BROCKENBLICK<\/h2><span class=\"awb-title-spacer\"><\/span><div class=\"title-sep-container title-sep-container-right\"><div class=\"title-sep sep- sep-solid\" style=\"border-color:var(--awb-color3);\"><\/div><\/div><\/div><div class=\"fusion-title title fusion-title-2 fusion-title-text fusion-title-size-three\" style=\"--awb-margin-bottom-small:15px;--awb-font-size:46px;\"><div class=\"title-sep-container title-sep-container-left fusion-no-large-visibility fusion-no-medium-visibility fusion-no-small-visibility\"><div class=\"title-sep sep- sep-solid\" style=\"border-color:var(--awb-color3);\"><\/div><\/div><span class=\"awb-title-spacer fusion-no-large-visibility fusion-no-medium-visibility fusion-no-small-visibility\"><\/span><h3 class=\"title-heading-left fusion-responsive-typography-calculated\" style=\"margin:0;font-size:1em;--fontSize:46;line-height:var(--awb-typography1-line-height);\">Prices &amp; Rooms<\/h3><span class=\"awb-title-spacer\"><\/span><div class=\"title-sep-container title-sep-container-right\"><div class=\"title-sep sep- sep-solid\" style=\"border-color:var(--awb-color3);\"><\/div><\/div><\/div><div class=\"fusion-separator\" style=\"align-self: flex-start;margin-right:auto;margin-top:0px;margin-bottom:20px;width:100%;max-width:50px;\"><div class=\"fusion-separator-border sep-single sep-solid\" style=\"--awb-height:20px;--awb-amount:20px;--awb-sep-color:var(--awb-color4);border-color:var(--awb-color4);border-top-width:1px;\"><\/div><\/div><div class=\"fusion-text fusion-text-1\"><div class=\"item-page\">\n<article class=\"st-article\">\n<div class=\"item-page\">\n<article class=\"st-article\">The familial-managed 3-Star mountain hotel Brockenblick lies in the middle of the woodland Galgenberg, but only ten minutes by car away from the city centre of Hildesheim. The 1999 renovated old building and the new build hotel include 14 comfortably furnished single and double rooms. Our rooms are equipped with shower, lavatory, safe, flatscreen tv and internet access. Also we offer a disabled-friendly room.We are sufficiently equipped with cost-free parking places near the hotel.<\/article>\n<\/div>\n<\/article>\n<\/div>\n<\/div><div class=\"fusion-separator fusion-full-width-sep\" style=\"align-self: center;margin-left: auto;margin-right: auto;margin-top:25px;width:100%;\"><\/div><ul style=\"--awb-size:18px;--awb-iconcolor:var(--awb-color4);--awb-textcolor:#000000;--awb-line-height:30.6px;--awb-icon-width:30.6px;--awb-icon-height:30.6px;--awb-icon-margin:12.6px;--awb-content-margin:43.2px;\" class=\"fusion-checklist fusion-checklist-1 fusion-checklist-default type-icons\"><li class=\"fusion-li-item\" style=\"\"><span class=\"icon-wrapper circle-no\"><i class=\"fusion-li-icon icon-hotel-check-circle-solid\" aria-hidden=\"true\"><\/i><\/span><div class=\"fusion-li-item-content\">\n<p>Breakfast per person: 15,- Euro optional<\/p>\n<\/div><\/li><li class=\"fusion-li-item\" style=\"\"><span class=\"icon-wrapper circle-no\"><i class=\"fusion-li-icon icon-hotel-check-circle-solid\" aria-hidden=\"true\"><\/i><\/span><div class=\"fusion-li-item-content\">\n<p>Handicapped accessible room available<\/p>\n<\/div><\/li><li class=\"fusion-li-item\" style=\"\"><span class=\"icon-wrapper circle-no\"><i class=\"fusion-li-icon icon-hotel-check-circle-solid\" aria-hidden=\"true\"><\/i><\/span><div class=\"fusion-li-item-content\">\n<p>Per dog\/night: 15,- Euro<\/p>\n<\/div><\/li><li class=\"fusion-li-item\" style=\"\"><span class=\"icon-wrapper circle-no\"><i class=\"fusion-li-icon icon-hotel-check-circle-solid\" aria-hidden=\"true\"><\/i><\/span><div class=\"fusion-li-item-content\">\n<p>Check in: 3-8 p.m. \u2013 Checkout: until 11 a.m.<\/p>\n<\/div><\/li><li class=\"fusion-li-item\" style=\"\"><span class=\"icon-wrapper circle-no\"><i class=\"fusion-li-icon icon-hotel-check-circle-solid\" aria-hidden=\"true\"><\/i><\/span><div class=\"fusion-li-item-content\">\n<p>Outside the regular opening hours, we offer meals for our hotel guests on Wednesdays from 6 p.m. to 8 p.m.<\/p>\n<\/div><\/li><li class=\"fusion-li-item\" style=\"\"><span class=\"icon-wrapper circle-no\"><i class=\"fusion-li-icon icon-hotel-check-circle-solid\" aria-hidden=\"true\"><\/i><\/span><div class=\"fusion-li-item-content\">\n<p>Tuesday &amp; Thursday rest days<\/p>\n<\/div><\/li><\/ul><div class=\"fusion-text fusion-text-2\"><div class=\"left res\">\n<h4><strong>Single room:<\/strong><\/h4>\n<p>from \u20ac62,- Euro<\/p>\n<\/div>\n<div class=\"left res\">\n<h4><strong>Double room:<\/strong><\/h4>\n<p>from \u20ac91,- Euro<\/p>\n<\/div>\n<div class=\"left res\">\n<h4><strong>3-Bed room:<\/strong><\/h4>\n<p>91,- Euro + 18,- Euro third bed<\/p>\n<\/div>\n<p><strong>Weekend Special &#8211; 2 nights for one price.<\/strong><\/p>\n<ul>\n<li>only on request, disposability and arrival only on friday<\/li>\n<li>Only offered for Double room.<\/li>\n<\/ul>\n<p><strong>Trade fair rates:<\/strong><br \/>\n&#8211; on request &#8211;<\/p>\n<p>The parking space in front of the hotel is free of charge.<\/p>\n<p>Above prices are per room\/night, including breakfast, service charges and VAT. Subject to change.<br \/>\nBeherbergungssteuer included.<\/p>\n<\/div><div class=\"fusion-separator fusion-full-width-sep\" style=\"align-self: center;margin-left: auto;margin-right: auto;margin-top:25px;width:100%;\"><\/div><div ><a class=\"fusion-button button-flat button-large button-default fusion-button-default button-1 fusion-button-default-span \" style=\"--button-border-radius-top-left:0px;--button-border-radius-top-right:0px;--button-border-radius-bottom-right:0px;--button-border-radius-bottom-left:0px;\" target=\"_self\" href=\"https:\/\/via.eviivo.com\/en-GB\/brghtlbrcknblck31141\"><span class=\"fusion-button-text fusion-button-text-right\">BOOK NOW!<\/span><span class=\"fusion-button-icon-divider button-icon-divider-right\"><i class=\"fa-external-link-alt fas\" aria-hidden=\"true\"><\/i><\/span><\/a><\/div><\/div><\/div><div class=\"fusion-layout-column fusion_builder_column fusion-builder-column-1 fusion_builder_column_1_2 1_2 fusion-flex-column\" style=\"--awb-bg-color:var(--awb-color1);--awb-bg-size:cover;--awb-border-color:var(--awb-color8);--awb-border-style:solid;--awb-width-large:50%;--awb-margin-top-large:0px;--awb-spacing-right-large:3.84%;--awb-margin-bottom-large:20px;--awb-spacing-left-large:3.84%;--awb-width-medium:100%;--awb-order-medium:0;--awb-spacing-right-medium:1.92%;--awb-margin-bottom-medium:48px;--awb-spacing-left-medium:1.92%;--awb-width-small:100%;--awb-order-small:0;--awb-spacing-right-small:1.92%;--awb-spacing-left-small:1.92%;\"><div class=\"fusion-column-wrapper fusion-column-has-shadow fusion-flex-justify-content-flex-start fusion-content-layout-column\"><div class=\"fusion-image-element \" style=\"text-align:center;--awb-liftup-border-radius:0px;--awb-aspect-ratio:16 \/ 9;--awb-caption-title-size:var(--h2_typography-font-size);--awb-caption-title-transform:var(--h2_typography-text-transform);--awb-caption-title-line-height:var(--h2_typography-line-height);--awb-caption-title-letter-spacing:var(--h2_typography-letter-spacing);\"><div class=\"awb-image-frame awb-image-frame-1 imageframe-liftup\"><span class=\" fusion-imageframe imageframe-dropshadow imageframe-1 has-aspect-ratio\" style=\"border:13px solid var(--awb-color1);-webkit-box-shadow: 3px 3px 7px var(--awb-color3);box-shadow: 3px 3px 7px var(--awb-color3);\"><img decoding=\"async\" width=\"1920\" height=\"1080\" title=\"Brockenblick-Hotel-Restaurant-Hildesheim-Hannover-Messe-Fairy-slide3\" src=\"https:\/\/hotel-brockenblick.de\/wp-content\/uploads\/2015\/04\/Brockenblick-Hotel-Restaurant-Hildesheim-Hannover-Messe-Fairy-slide3.jpg\" data-orig-src=\"https:\/\/hotel-brockenblick.de\/wp-content\/uploads\/2015\/04\/Brockenblick-Hotel-Restaurant-Hildesheim-Hannover-Messe-Fairy-slide3.jpg\" class=\"lazyload img-responsive wp-image-2366 img-with-aspect-ratio\" alt srcset=\"data:image\/svg+xml,%3Csvg%20xmlns%3D%27http%3A%2F%2Fwww.w3.org%2F2000%2Fsvg%27%20width%3D%271920%27%20height%3D%271080%27%20viewBox%3D%270%200%201920%201080%27%3E%3Crect%20width%3D%271920%27%20height%3D%271080%27%20fill-opacity%3D%220%22%2F%3E%3C%2Fsvg%3E\" data-srcset=\"https:\/\/hotel-brockenblick.de\/wp-content\/uploads\/2015\/04\/Brockenblick-Hotel-Restaurant-Hildesheim-Hannover-Messe-Fairy-slide3-200x113.jpg 200w, https:\/\/hotel-brockenblick.de\/wp-content\/uploads\/2015\/04\/Brockenblick-Hotel-Restaurant-Hildesheim-Hannover-Messe-Fairy-slide3-400x225.jpg 400w, https:\/\/hotel-brockenblick.de\/wp-content\/uploads\/2015\/04\/Brockenblick-Hotel-Restaurant-Hildesheim-Hannover-Messe-Fairy-slide3-600x338.jpg 600w, https:\/\/hotel-brockenblick.de\/wp-content\/uploads\/2015\/04\/Brockenblick-Hotel-Restaurant-Hildesheim-Hannover-Messe-Fairy-slide3-800x450.jpg 800w, https:\/\/hotel-brockenblick.de\/wp-content\/uploads\/2015\/04\/Brockenblick-Hotel-Restaurant-Hildesheim-Hannover-Messe-Fairy-slide3-1200x675.jpg 1200w, https:\/\/hotel-brockenblick.de\/wp-content\/uploads\/2015\/04\/Brockenblick-Hotel-Restaurant-Hildesheim-Hannover-Messe-Fairy-slide3.jpg 1920w\" data-sizes=\"auto\" data-orig-sizes=\"(max-width: 1024px) 100vw, (max-width: 640px) 100vw, 600px\" \/><\/span><\/div><\/div><\/div><\/div><\/div><\/div>\n","protected":false},"excerpt":{"rendered":"","protected":false},"author":1,"featured_media":0,"parent":0,"menu_order":0,"comment_status":"open","ping_status":"open","template":"100-width.php","meta":{"footnotes":""},"class_list":["post-2379","page","type-page","status-publish","hentry"],"yoast_head":"<!-- This site is optimized with the Yoast SEO plugin v27.1.1 - https:\/\/yoast.com\/product\/yoast-seo-wordpress\/ -->\n<title>Hotel - Hotel &amp; Restaurant Brockenblick Hildesheim<\/title>\n<meta name=\"robots\" content=\"index, follow, max-snippet:-1, max-image-preview:large, max-video-preview:-1\" \/>\n<link rel=\"canonical\" href=\"https:\/\/hotel-brockenblick.de\/en\/hotel-hildesheim-eng\/\" \/>\n<meta property=\"og:locale\" content=\"en_US\" \/>\n<meta property=\"og:type\" content=\"article\" \/>\n<meta property=\"og:title\" content=\"Hotel - Hotel &amp; Restaurant Brockenblick Hildesheim\" \/>\n<meta property=\"og:url\" content=\"https:\/\/hotel-brockenblick.de\/en\/hotel-hildesheim-eng\/\" \/>\n<meta property=\"og:site_name\" content=\"Hotel &amp; Restaurant Brockenblick Hildesheim\" \/>\n<meta property=\"article:publisher\" content=\"https:\/\/www.facebook.com\/BrockenblickHildesheim\" \/>\n<meta property=\"article:modified_time\" content=\"2026-01-06T15:38:14+00:00\" \/>\n<meta name=\"twitter:card\" content=\"summary_large_image\" \/>\n<meta name=\"twitter:label1\" content=\"Est. reading time\" \/>\n\t<meta name=\"twitter:data1\" content=\"5 minutes\" \/>\n<script type=\"application\/ld+json\" class=\"yoast-schema-graph\">{\"@context\":\"https:\/\/schema.org\",\"@graph\":[{\"@type\":\"WebPage\",\"@id\":\"https:\/\/hotel-brockenblick.de\/en\/hotel-hildesheim-eng\/\",\"url\":\"https:\/\/hotel-brockenblick.de\/en\/hotel-hildesheim-eng\/\",\"name\":\"Hotel - Hotel & Restaurant Brockenblick Hildesheim\",\"isPartOf\":{\"@id\":\"https:\/\/hotel-brockenblick.de\/en\/#website\"},\"datePublished\":\"2026-01-06T09:05:10+00:00\",\"dateModified\":\"2026-01-06T15:38:14+00:00\",\"breadcrumb\":{\"@id\":\"https:\/\/hotel-brockenblick.de\/en\/hotel-hildesheim-eng\/#breadcrumb\"},\"inLanguage\":\"en-US\",\"potentialAction\":[{\"@type\":\"ReadAction\",\"target\":[\"https:\/\/hotel-brockenblick.de\/en\/hotel-hildesheim-eng\/\"]}]},{\"@type\":\"BreadcrumbList\",\"@id\":\"https:\/\/hotel-brockenblick.de\/en\/hotel-hildesheim-eng\/#breadcrumb\",\"itemListElement\":[{\"@type\":\"ListItem\",\"position\":1,\"name\":\"Startseite\",\"item\":\"https:\/\/hotel-brockenblick.de\/en\/hotel-restaurant-brockenblick-hildesheim\/\"},{\"@type\":\"ListItem\",\"position\":2,\"name\":\"Hotel\"}]},{\"@type\":\"WebSite\",\"@id\":\"https:\/\/hotel-brockenblick.de\/en\/#website\",\"url\":\"https:\/\/hotel-brockenblick.de\/en\/\",\"name\":\"Hotel & Restaurant Brockenblick Hildesheim\",\"description\":\"Das famili\u00e4r gef\u00fchrte 3-Sterne Berghotel Brockenblick liegt inmitten des Waldst\u00fccks Galgenberg, lediglich 10 Autominuten von der Hildesheimer-Innenstadt entfernt.\",\"publisher\":{\"@id\":\"https:\/\/hotel-brockenblick.de\/en\/#organization\"},\"potentialAction\":[{\"@type\":\"SearchAction\",\"target\":{\"@type\":\"EntryPoint\",\"urlTemplate\":\"https:\/\/hotel-brockenblick.de\/en\/?s={search_term_string}\"},\"query-input\":{\"@type\":\"PropertyValueSpecification\",\"valueRequired\":true,\"valueName\":\"search_term_string\"}}],\"inLanguage\":\"en-US\"},{\"@type\":\"Organization\",\"@id\":\"https:\/\/hotel-brockenblick.de\/en\/#organization\",\"name\":\"Hotel & Restaurant Brockenblick Hildesheim\",\"url\":\"https:\/\/hotel-brockenblick.de\/en\/\",\"logo\":{\"@type\":\"ImageObject\",\"inLanguage\":\"en-US\",\"@id\":\"https:\/\/hotel-brockenblick.de\/en\/#\/schema\/logo\/image\/\",\"url\":\"https:\/\/hotel-brockenblick.de\/wp-content\/uploads\/2023\/03\/Brockenblick-Hotel-Restaurant-Hildesheim-Hannover-Messe-Fairy-logo-bottom.jpg\",\"contentUrl\":\"https:\/\/hotel-brockenblick.de\/wp-content\/uploads\/2023\/03\/Brockenblick-Hotel-Restaurant-Hildesheim-Hannover-Messe-Fairy-logo-bottom.jpg\",\"width\":295,\"height\":295,\"caption\":\"Hotel & Restaurant Brockenblick Hildesheim\"},\"image\":{\"@id\":\"https:\/\/hotel-brockenblick.de\/en\/#\/schema\/logo\/image\/\"},\"sameAs\":[\"https:\/\/www.facebook.com\/BrockenblickHildesheim\"]}]}<\/script>\n<!-- \/ Yoast SEO plugin. -->","yoast_head_json":{"title":"Hotel - Hotel & Restaurant Brockenblick Hildesheim","robots":{"index":"index","follow":"follow","max-snippet":"max-snippet:-1","max-image-preview":"max-image-preview:large","max-video-preview":"max-video-preview:-1"},"canonical":"https:\/\/hotel-brockenblick.de\/en\/hotel-hildesheim-eng\/","og_locale":"en_US","og_type":"article","og_title":"Hotel - Hotel & Restaurant Brockenblick Hildesheim","og_url":"https:\/\/hotel-brockenblick.de\/en\/hotel-hildesheim-eng\/","og_site_name":"Hotel & Restaurant Brockenblick Hildesheim","article_publisher":"https:\/\/www.facebook.com\/BrockenblickHildesheim","article_modified_time":"2026-01-06T15:38:14+00:00","twitter_card":"summary_large_image","twitter_misc":{"Est. reading time":"5 minutes"},"schema":{"@context":"https:\/\/schema.org","@graph":[{"@type":"WebPage","@id":"https:\/\/hotel-brockenblick.de\/en\/hotel-hildesheim-eng\/","url":"https:\/\/hotel-brockenblick.de\/en\/hotel-hildesheim-eng\/","name":"Hotel - Hotel & Restaurant Brockenblick Hildesheim","isPartOf":{"@id":"https:\/\/hotel-brockenblick.de\/en\/#website"},"datePublished":"2026-01-06T09:05:10+00:00","dateModified":"2026-01-06T15:38:14+00:00","breadcrumb":{"@id":"https:\/\/hotel-brockenblick.de\/en\/hotel-hildesheim-eng\/#breadcrumb"},"inLanguage":"en-US","potentialAction":[{"@type":"ReadAction","target":["https:\/\/hotel-brockenblick.de\/en\/hotel-hildesheim-eng\/"]}]},{"@type":"BreadcrumbList","@id":"https:\/\/hotel-brockenblick.de\/en\/hotel-hildesheim-eng\/#breadcrumb","itemListElement":[{"@type":"ListItem","position":1,"name":"Startseite","item":"https:\/\/hotel-brockenblick.de\/en\/hotel-restaurant-brockenblick-hildesheim\/"},{"@type":"ListItem","position":2,"name":"Hotel"}]},{"@type":"WebSite","@id":"https:\/\/hotel-brockenblick.de\/en\/#website","url":"https:\/\/hotel-brockenblick.de\/en\/","name":"Hotel & Restaurant Brockenblick Hildesheim","description":"Das famili\u00e4r gef\u00fchrte 3-Sterne Berghotel Brockenblick liegt inmitten des Waldst\u00fccks Galgenberg, lediglich 10 Autominuten von der Hildesheimer-Innenstadt entfernt.","publisher":{"@id":"https:\/\/hotel-brockenblick.de\/en\/#organization"},"potentialAction":[{"@type":"SearchAction","target":{"@type":"EntryPoint","urlTemplate":"https:\/\/hotel-brockenblick.de\/en\/?s={search_term_string}"},"query-input":{"@type":"PropertyValueSpecification","valueRequired":true,"valueName":"search_term_string"}}],"inLanguage":"en-US"},{"@type":"Organization","@id":"https:\/\/hotel-brockenblick.de\/en\/#organization","name":"Hotel & Restaurant Brockenblick Hildesheim","url":"https:\/\/hotel-brockenblick.de\/en\/","logo":{"@type":"ImageObject","inLanguage":"en-US","@id":"https:\/\/hotel-brockenblick.de\/en\/#\/schema\/logo\/image\/","url":"https:\/\/hotel-brockenblick.de\/wp-content\/uploads\/2023\/03\/Brockenblick-Hotel-Restaurant-Hildesheim-Hannover-Messe-Fairy-logo-bottom.jpg","contentUrl":"https:\/\/hotel-brockenblick.de\/wp-content\/uploads\/2023\/03\/Brockenblick-Hotel-Restaurant-Hildesheim-Hannover-Messe-Fairy-logo-bottom.jpg","width":295,"height":295,"caption":"Hotel & Restaurant Brockenblick Hildesheim"},"image":{"@id":"https:\/\/hotel-brockenblick.de\/en\/#\/schema\/logo\/image\/"},"sameAs":["https:\/\/www.facebook.com\/BrockenblickHildesheim"]}]}},"_links":{"self":[{"href":"https:\/\/hotel-brockenblick.de\/en\/wp-json\/wp\/v2\/pages\/2379","targetHints":{"allow":["GET"]}}],"collection":[{"href":"https:\/\/hotel-brockenblick.de\/en\/wp-json\/wp\/v2\/pages"}],"about":[{"href":"https:\/\/hotel-brockenblick.de\/en\/wp-json\/wp\/v2\/types\/page"}],"author":[{"embeddable":true,"href":"https:\/\/hotel-brockenblick.de\/en\/wp-json\/wp\/v2\/users\/1"}],"replies":[{"embeddable":true,"href":"https:\/\/hotel-brockenblick.de\/en\/wp-json\/wp\/v2\/comments?post=2379"}],"version-history":[{"count":21,"href":"https:\/\/hotel-brockenblick.de\/en\/wp-json\/wp\/v2\/pages\/2379\/revisions"}],"predecessor-version":[{"id":2585,"href":"https:\/\/hotel-brockenblick.de\/en\/wp-json\/wp\/v2\/pages\/2379\/revisions\/2585"}],"wp:attachment":[{"href":"https:\/\/hotel-brockenblick.de\/en\/wp-json\/wp\/v2\/media?parent=2379"}],"curies":[{"name":"wp","href":"https:\/\/api.w.org\/{rel}","templated":true}]}}